{"id":604,"date":"2020-06-13T14:40:47","date_gmt":"2020-06-13T12:40:47","guid":{"rendered":"https:\/\/www.corint.fr\/?page_id=604"},"modified":"2021-10-06T15:45:57","modified_gmt":"2021-10-06T13:45:57","slug":"legal-notices","status":"publish","type":"page","link":"https:\/\/www.corint.fr\/en\/legal-notices\/","title":{"rendered":"Legal notices"},"content":{"rendered":"\n<p class=\"has-text-align-left\">Conform\u00e9ment \u00e0 l\u2019article 6 de la loi du 21 juin 2004, pour la confiance dans l\u2019\u00e9conomie num\u00e9rique nous vous informons que ce service de communication au public en ligne est mis en place par :<\/p>\n\n\n\n<h2 class=\"wp-block-heading\">Ce site est \u00e9dit\u00e9 par : <\/h2>\n\n\n\n<p>Corint Sud dont le si\u00e8ge social est : 85 Rue du Souvenir Fran\u00e7ais &#8211; Z.I des Saligues &#8211; 64300 Orthez, France<\/p>\n\n\n\n<p>SIRET : <\/p>\n\n\n\n<p>T\u00e9l\u00e9phone : +33 (0)559698260<br>Adresse de courrier \u00e9lectronique : <a href=\"mailto:corint@corint.fr\">corint@corint.fr<\/a><br>Directeur de publication : M. Emmanuel Guillout<br>Responsable du site : M. Emmanuel Guillout <\/p>\n\n\n\n<div class=\"wp-block-columns has-2-columns is-layout-flex wp-container-core-columns-is-layout-9d6595d7 wp-block-columns-is-layout-flex\">\n<div class=\"wp-block-column is-layout-flow wp-block-column-is-layout-flow\">\n<h2 class=\"wp-block-heading\">Ce site est h\u00e9berg\u00e9 par :<\/h2>\n\n\n\n<p>SARL O2Switch<br>222 Boulevard Gustave Flaubert<br>63000 Clermond-Ferrand<\/p>\n\n\n\n<p>SIRET : 510 909 80700024<br>RCS : Clermond-Ferrand<\/p>\n\n\n\n<p>T\u00e9l\u00e9phone : 04 44 44 60 40<\/p>\n\n\n\n<p><\/p>\n<\/div>\n\n\n\n<div class=\"wp-block-column is-layout-flow wp-block-column-is-layout-flow\">\n<h2 class=\"wp-block-heading\">Cr\u00e9ation du site par :<\/h2>\n\n\n\n<p>Agence Onokaa<br>14 Avenue du stade nautique<br>64000 Pau<\/p>\n\n\n\n<p>SIRET : 83394811000022<\/p>\n\n\n\n<p>T\u00e9l\u00e9phone : 07 63 48 03 30<br>Adresse de courrier \u00e9lectronique : contact@onokaa.com<br>Site internet : <a href=\"https:\/\/www.onokaa.com\">https:\/\/www.onokaa.com<\/a><\/p>\n<\/div>\n<\/div>\n","protected":false},"excerpt":{"rendered":"<p>Conform\u00e9ment \u00e0 l\u2019article 6 de la loi du 21 juin 2004, pour la confiance dans l\u2019\u00e9conomie num\u00e9rique nous vous informons que ce service de communication au public en ligne est mis en place par : Ce site est \u00e9dit\u00e9 par : Corint Sud dont le si\u00e8ge social est : 85 [&hellip;]<\/p>\n","protected":false},"author":1,"featured_media":0,"parent":0,"menu_order":0,"comment_status":"closed","ping_status":"closed","template":"","meta":{"_acf_changed":false,"_seopress_robots_primary_cat":"","_seopress_titles_title":"","_seopress_titles_desc":"","_seopress_robots_index":"yes","footnotes":""},"class_list":["post-604","page","type-page","status-publish","hentry"],"acf":[],"_links":{"self":[{"href":"https:\/\/www.corint.fr\/en\/wp-json\/wp\/v2\/pages\/604","targetHints":{"allow":["GET"]}}],"collection":[{"href":"https:\/\/www.corint.fr\/en\/wp-json\/wp\/v2\/pages"}],"about":[{"href":"https:\/\/www.corint.fr\/en\/wp-json\/wp\/v2\/types\/page"}],"author":[{"embeddable":true,"href":"https:\/\/www.corint.fr\/en\/wp-json\/wp\/v2\/users\/1"}],"replies":[{"embeddable":true,"href":"https:\/\/www.corint.fr\/en\/wp-json\/wp\/v2\/comments?post=604"}],"version-history":[{"count":0,"href":"https:\/\/www.corint.fr\/en\/wp-json\/wp\/v2\/pages\/604\/revisions"}],"wp:attachment":[{"href":"https:\/\/www.corint.fr\/en\/wp-json\/wp\/v2\/media?parent=604"}],"curies":[{"name":"wp","href":"https:\/\/api.w.org\/{rel}","templated":true}]}}